{"id":69,"date":"2022-11-14T16:20:09","date_gmt":"2022-11-14T15:20:09","guid":{"rendered":"https:\/\/www.lehrmittelverlag.ch\/cms\/verlag\/schulen-im-kanton\/"},"modified":"2026-04-25T12:50:29","modified_gmt":"2026-04-25T10:50:29","slug":"schulen-im-kanton-st-gallen","status":"publish","type":"page","link":"https:\/\/lizenz.lehrmittelverlag.ch\/cms\/verlag\/schulen-im-kanton-st-gallen\/","title":{"rendered":"Schulen im Kanton St.Gallen"},"content":{"rendered":"","protected":false},"excerpt":{"rendered":"","protected":false},"author":1,"featured_media":0,"parent":66,"menu_order":10,"comment_status":"closed","ping_status":"closed","template":"","meta":{"_acf_changed":false,"inline_featured_image":false,"footnotes":""},"class_list":["post-69","page","type-page","status-publish","hentry"],"acf":{"inhaltselemente":[{"acf_fc_layout":"two_cols","two_cols_flex_content_col_one":[{"acf_fc_layout":"text_element","text_element_":null,"text_element_text_element_titel":"Der Lehrmittelverlag St.Gallen beliefert die Volksschulen im Kanton mit s\u00e4mtlichen Lehrmitteln und Lernmedien f\u00fcr den Unterricht.","text_element_text_element_titel_typ":"5","text_element_text_element_titel_size":"","text_element_text_element_titel_fake":false,"text_element_text_element_content":"<strong>Synergienutzen durch Einkaufsgemeinschaft (SGV, Schultr\u00e4ger und LMVSG)<\/strong>\r\n<ul style=\"margin-top: 0; padding-left: 20px;\">\r\n \t<li>LMVSG \u00fcbernimmt die Eink\u00e4uferrolle und hat in dieser Konstellation als Einziger das Beschaffungsrecht zu beachten.\r\n<em>Beschaffungsrechtsfreier Austausch von G\u00fctern und Dienstleistungen innerhalb der Einkaufsgemeinschaft<\/em>\r\n<em><em>(ausserhalb gilt das Beschaffungsrecht).<\/em><\/em><\/li>\r\n \t<li>Validierung von Lehrmitteln und Lernmedien zur Erstellung einer empfohlenen Lehrmittelliste\r\n<ul style=\"margin-top: 0;\">\r\n \t<li>Steuergruppe Lehrmittelliste: SGV (Leitung) \/ VSGP \/ VSLSG \/ BR-Mitglied (beratend ohne Stimme) \/ BLD-Mitglied (beratend ohne Stimme)<\/li>\r\n \t<li>Praxisgruppe Validierung: VSLSG (Leitung) \/ KKgK \/ KUK \/ KMK \/ SEK 1 \/ KAHLV \/ KSH \/ PHSG \/ AVS<\/li>\r\n<\/ul>\r\n<\/li>\r\n \t<li>LMVSG \u00fcbernimmt den Bestellprozess und die Lehrmittelversorgung wie bis anhin.<\/li>\r\n \t<li>Lehrmittelbeschaffungen unterstehen dem \u00f6ffentlichen Beschaffungsrecht\r\n<em>(relevant f\u00fcr Beschaffungen ausserhalb der Einkaufsgemeinschaft).<\/em><\/li>\r\n<\/ul>\r\n<div style=\"margin-bottom: 1em;\">\r\n\r\n<strong style=\"display: block; margin-bottom: 0.1em;\">Beschaffungsrecht \/ Bestimmung Auftragswert (Jahreseinkauf x Laufzeit):<\/strong>\r\n<ul style=\"margin-top: 0; padding-left: 20px;\">\r\n \t<li>Bestimmte Laufzeit: \u2264 5 Jahre<\/li>\r\n \t<li>Unbestimmte Laufzeit (unter f\u00fcnf Jahren): 48 Monate<\/li>\r\n \t<li>Bestellungen unter dem Jahr: 12 Monate<\/li>\r\n<\/ul>\r\n<\/div>\r\n<div style=\"margin-bottom: 0;\">\r\n\r\n<strong style=\"display: block; margin-bottom: 0.1em;\">Beschaffungsrecht \/ Bestimmung Verfahrensart:<\/strong>\r\n<ul style=\"margin-top: 0; padding-left: 20px;\">\r\n \t<li>Offenes \/ selektives Verfahren: Auftragswert \u2265 250\u2019000<\/li>\r\n \t<li>Einladungsverfahren: Auftragswert &lt; 250\u2019000<\/li>\r\n \t<li>Freih\u00e4ndiges Verfahren: Auftragswert &lt; 150\u2019000<\/li>\r\n<\/ul>\r\n<\/div>","text_element_text_element_text_size":"default"}],"two_cols_flex_content_col_two":[{"acf_fc_layout":"text_element","text_element_":null,"text_element_text_element_titel":"","text_element_text_element_titel_typ":"2","text_element_text_element_titel_size":"","text_element_text_element_titel_fake":false,"text_element_text_element_content":"<a class=\"btn-download\" href=\"https:\/\/www.lehrmittelverlag.ch\/cms\/wp-content\/uploads\/2026\/04\/Tourenplan-Primarstufe-2026.pdf\" target=\"_blank\" rel=\"noopener\">Anleitung Hauptschulbestellungen zusammenf\u00fchren und einreichen<\/a>","text_element_text_element_text_size":"default"}],"two_cols_bgcolor":false,"two_cols_spaltenbreite":"two-third-one-third"},{"acf_fc_layout":"two_cols","two_cols_flex_content_col_one":[{"acf_fc_layout":"text_element","text_element_":null,"text_element_text_element_titel":"Schulbestellungen 2026","text_element_text_element_titel_typ":"3","text_element_text_element_titel_size":"","text_element_text_element_titel_fake":false,"text_element_text_element_content":"Die Schulbestellungen f\u00fcr das Schuljahr 2026\/27 sind in Vorbereitung.\r\nDie Lehrmittellisten werden momentan aufbereitet.\u00a0 Eine aktuelle \u00dcbersicht finden Sie auf dieser Seite.\r\n\r\nUm eine fristgerechte Lieferung vor den Sommerferien zu garantieren, bitten wir Sie, folgende Bestellfristen f\u00fcr die Hauptschulbestellungen einzuhalten:\r\n<ul style=\"margin-top: 0; padding-left: 20px;\">\r\n \t<li>Einsendeschluss Primarstufe: <strong>abgeschlossen. <\/strong><\/li>\r\n<\/ul>\r\n<a href=\"https:\/\/www.lehrmittelverlag.ch\/cms\/wp-content\/uploads\/2026\/04\/Tourenplan-Primarstufe-2026.pdf\" target=\"_blank\" rel=\"noopener\">-&gt; zu den Lieferterminen<\/a>\r\n<ul style=\"margin-top: 0; padding-left: 20px;\">\r\n \t<li>Einsendeschluss Oberstufe: <strong>Freitag, 24.04.2026<\/strong><\/li>\r\n<\/ul>","text_element_text_element_text_size":"default"}],"two_cols_flex_content_col_two":[{"acf_fc_layout":"text_element","text_element_":null,"text_element_text_element_titel":"","text_element_text_element_titel_typ":"2","text_element_text_element_titel_size":"","text_element_text_element_titel_fake":false,"text_element_text_element_content":"<a class=\"btn-download\" href=\"https:\/\/www.lehrmittelverlag.ch\/cms\/wp-content\/uploads\/2026\/04\/Tourenplan-Primarstufe-2026.pdf\" target=\"_blank\" rel=\"noopener\">Liefertermine Primarstufe<\/a>\r\n\r\n<a class=\"btn-download\" href=\"https:\/\/www.lehrmittelverlag.ch\/cms\/wp-content\/uploads\/2025\/10\/Lehrrmittelliste_Schuljahr_2026-2027.pdf\" target=\"_blank\" rel=\"noopener\">Lehrmittelliste Schuljahr 2026\/27<\/a>","text_element_text_element_text_size":"default"}],"two_cols_bgcolor":false,"two_cols_spaltenbreite":"two-third-one-third"},{"acf_fc_layout":"anchor_element","anchor_element_name":"Informationen"},{"acf_fc_layout":"two_cols","two_cols_flex_content_col_one":[{"acf_fc_layout":"text_element","text_element_":null,"text_element_text_element_titel":"Informationen","text_element_text_element_titel_typ":"3","text_element_text_element_titel_size":"","text_element_text_element_titel_fake":false,"text_element_text_element_content":"Weitere wichtige Informationen zu Lehrmitteln im Kanton St.Gallen und zur Lehrmittelfinanzierung finden Sie hier:\r\n\r\n<a class=\"btn-tertiary\" href=\"https:\/\/www.sg.ch\/bildung-sport\/volksschule\/unterricht\/lehrmittel.html\" target=\"_blank\" rel=\"noopener\">Lehrmittelinformationen St.Gallen<\/a>\r\n\r\nWeiterhin durch den Kanton St.Gallen finanziert\r\n(ist f\u00fcr St.Galler Volksschultr\u00e4ger kostenlos zu beziehen):\r\n<ul>\r\n \t<li>S\u00e4mtliche Zeugnismaterialien und Mappen<\/li>\r\n \t<li>Die Lernf\u00f6rdersysteme \u00abLernlupe\u00bb und \u00abLernpass plus\u00bb (inkl. Stellwerk in Lernpass plus)<\/li>\r\n \t<li>Das obligatorisch einzusetzende Lehrmittel \u00abSt.Gallerland\u00bb als Vorgabe durch den Bildungsrat.<\/li>\r\n<\/ul>","text_element_text_element_text_size":"default"}],"two_cols_flex_content_col_two":[{"acf_fc_layout":"text_element","text_element_":null,"text_element_text_element_titel":"","text_element_text_element_titel_typ":"2","text_element_text_element_titel_size":"","text_element_text_element_titel_fake":false,"text_element_text_element_content":"","text_element_text_element_text_size":"default"}],"two_cols_bgcolor":false,"two_cols_spaltenbreite":"two-third-one-third"},{"acf_fc_layout":"two_cols","two_cols_flex_content_col_one":[{"acf_fc_layout":"text_element","text_element_":null,"text_element_text_element_titel":"","text_element_text_element_titel_typ":"3","text_element_text_element_titel_size":"","text_element_text_element_titel_fake":false,"text_element_text_element_content":"<strong>Angebote im Webshop f\u00fcr Einkaufsmitglieder des SGV der St.Galler Schulen\r\n<\/strong>Jeweils im Februar erhalten die Lehrmittelverantwortlichen Informationen zu den j\u00e4hrlichen Schulbestellungen, um f\u00fcr das n\u00e4chste Schuljahr die ben\u00f6tigten Lehrmittel bestellen zu k\u00f6nnen.\r\n\r\nIm Shop des Lehrmittelverlags wird den Mitgliedern der SGV-Einkaufsgemeinschaft eine vollst\u00e4ndige und detaillierte Liste mit den empfohlenen Lehrmitteln bereitgestellt die zu den aktuell g\u00fcltigen Sonderkonditionen gekauft werden k\u00f6nnen.\r\n\r\nDes Weiteren sind im Shop des Lehrmittelverlags in der Kategorie \u00abAngebote nur f\u00fcr Schulen im Kanton St.Gallen\u00bb Brosch\u00fcren und Materialien f\u00fcr den Schullalltag im Kanton St.Gallen zu finden.","text_element_text_element_text_size":"default"}],"two_cols_flex_content_col_two":[{"acf_fc_layout":"text_element","text_element_":null,"text_element_text_element_titel":"","text_element_text_element_titel_typ":"2","text_element_text_element_titel_size":"","text_element_text_element_titel_fake":false,"text_element_text_element_content":"<a class=\"btn-arrow\" href=\"https:\/\/www.sgv-sg.ch\/lehrmittel\/\" target=\"_blank\" rel=\"noopener\">Verband St.Galler Volksschultr\u00e4ger<\/a>","text_element_text_element_text_size":"default"}],"two_cols_bgcolor":false,"two_cols_spaltenbreite":"two-third-one-third"}]},"yoast_head":"<!-- This site is optimized with the Yoast SEO plugin v27.4 - https:\/\/yoast.com\/product\/yoast-seo-wordpress\/ -->\n<title>Schulen im Kanton St.Gallen - Lehrmittelverlag St. Gallen<\/title>\n<meta name=\"description\" content=\"Schulen im Kanton St.Gallen - Im Kanton St.Gallen ist der Lehrmittelverlag f\u00fcr den Vertrieb der Lehrmittel verantwortlich.\" \/>\n<meta name=\"robots\" content=\"index, follow, max-snippet:-1, max-image-preview:large, max-video-preview:-1\" \/>\n<link rel=\"canonical\" href=\"https:\/\/www.lehrmittelverlag.ch\/cms\/verlag\/schulen-im-kanton-st-gallen\/\" \/>\n<meta property=\"og:locale\" content=\"de_DE\" \/>\n<meta property=\"og:type\" content=\"article\" \/>\n<meta property=\"og:title\" content=\"Schulen im Kanton St.Gallen - Lehrmittelverlag St. Gallen\" \/>\n<meta property=\"og:description\" content=\"Schulen im Kanton St.Gallen - Im Kanton St.Gallen ist der Lehrmittelverlag f\u00fcr den Vertrieb der Lehrmittel verantwortlich.\" \/>\n<meta property=\"og:url\" content=\"https:\/\/www.lehrmittelverlag.ch\/cms\/verlag\/schulen-im-kanton-st-gallen\/\" \/>\n<meta property=\"og:site_name\" content=\"Lehrmittelverlag St. Gallen\" \/>\n<meta property=\"article:publisher\" content=\"https:\/\/www.facebook.com\/LehrmittelverlagSG\/\" \/>\n<meta property=\"article:modified_time\" content=\"2026-04-25T10:50:29+00:00\" \/>\n<meta property=\"og:image\" content=\"https:\/\/lizenz.lehrmittelverlag.ch\/cms\/wp-content\/uploads\/2022\/11\/og-image-lmvsg.png\" \/>\n\t<meta property=\"og:image:width\" content=\"1200\" \/>\n\t<meta property=\"og:image:height\" content=\"630\" \/>\n\t<meta property=\"og:image:type\" content=\"image\/png\" \/>\n<meta name=\"twitter:card\" content=\"summary_large_image\" \/>\n<meta name=\"twitter:site\" content=\"@Lehrmittel_SG\" \/>\n<meta name=\"twitter:label1\" content=\"Gesch\u00e4tzte Lesezeit\" \/>\n\t<meta name=\"twitter:data1\" content=\"3\u00a0Minuten\" \/>\n<script type=\"application\/ld+json\" class=\"yoast-schema-graph\">{\"@context\":\"https:\\\/\\\/schema.org\",\"@graph\":[{\"@type\":\"WebPage\",\"@id\":\"https:\\\/\\\/www.lehrmittelverlag.ch\\\/cms\\\/verlag\\\/schulen-im-kanton-st-gallen\\\/\",\"url\":\"https:\\\/\\\/www.lehrmittelverlag.ch\\\/cms\\\/verlag\\\/schulen-im-kanton-st-gallen\\\/\",\"name\":\"Schulen im Kanton St.Gallen - Lehrmittelverlag St. Gallen\",\"isPartOf\":{\"@id\":\"https:\\\/\\\/www.lehrmittelverlag.ch\\\/cms\\\/#website\"},\"datePublished\":\"2022-11-14T15:20:09+00:00\",\"dateModified\":\"2026-04-25T10:50:29+00:00\",\"description\":\"Schulen im Kanton St.Gallen - Im Kanton St.Gallen ist der Lehrmittelverlag f\u00fcr den Vertrieb der Lehrmittel verantwortlich.\",\"breadcrumb\":{\"@id\":\"https:\\\/\\\/www.lehrmittelverlag.ch\\\/cms\\\/verlag\\\/schulen-im-kanton-st-gallen\\\/#breadcrumb\"},\"inLanguage\":\"de-CH\",\"potentialAction\":[{\"@type\":\"ReadAction\",\"target\":[\"https:\\\/\\\/www.lehrmittelverlag.ch\\\/cms\\\/verlag\\\/schulen-im-kanton-st-gallen\\\/\"]}]},{\"@type\":\"BreadcrumbList\",\"@id\":\"https:\\\/\\\/www.lehrmittelverlag.ch\\\/cms\\\/verlag\\\/schulen-im-kanton-st-gallen\\\/#breadcrumb\",\"itemListElement\":[{\"@type\":\"ListItem\",\"position\":1,\"name\":\"Shop\",\"item\":\"\\\/\"},{\"@type\":\"ListItem\",\"position\":2,\"name\":\"Verlag\",\"item\":\"https:\\\/\\\/www.lehrmittelverlag.ch\\\/cms\\\/verlag\\\/\"},{\"@type\":\"ListItem\",\"position\":3,\"name\":\"Schulen im Kanton St.Gallen\"}]},{\"@type\":\"WebSite\",\"@id\":\"https:\\\/\\\/www.lehrmittelverlag.ch\\\/cms\\\/#website\",\"url\":\"https:\\\/\\\/www.lehrmittelverlag.ch\\\/cms\\\/\",\"name\":\"Lehrmittelverlag St. Gallen\",\"description\":\"\",\"publisher\":{\"@id\":\"https:\\\/\\\/www.lehrmittelverlag.ch\\\/cms\\\/#organization\"},\"potentialAction\":[{\"@type\":\"SearchAction\",\"target\":{\"@type\":\"EntryPoint\",\"urlTemplate\":\"https:\\\/\\\/www.lehrmittelverlag.ch\\\/cms\\\/?s={search_term_string}\"},\"query-input\":{\"@type\":\"PropertyValueSpecification\",\"valueRequired\":true,\"valueName\":\"search_term_string\"}}],\"inLanguage\":\"de-CH\"},{\"@type\":\"Organization\",\"@id\":\"https:\\\/\\\/www.lehrmittelverlag.ch\\\/cms\\\/#organization\",\"name\":\"Lehrmittelverlag St. Gallen\",\"url\":\"https:\\\/\\\/www.lehrmittelverlag.ch\\\/cms\\\/\",\"logo\":{\"@type\":\"ImageObject\",\"inLanguage\":\"de-CH\",\"@id\":\"https:\\\/\\\/www.lehrmittelverlag.ch\\\/cms\\\/#\\\/schema\\\/logo\\\/image\\\/\",\"url\":\"https:\\\/\\\/www.lehrmittelverlag.ch\\\/cms\\\/wp-content\\\/uploads\\\/2022\\\/11\\\/logo-lmvsg.png\",\"contentUrl\":\"https:\\\/\\\/www.lehrmittelverlag.ch\\\/cms\\\/wp-content\\\/uploads\\\/2022\\\/11\\\/logo-lmvsg.png\",\"width\":899,\"height\":349,\"caption\":\"Lehrmittelverlag St. Gallen\"},\"image\":{\"@id\":\"https:\\\/\\\/www.lehrmittelverlag.ch\\\/cms\\\/#\\\/schema\\\/logo\\\/image\\\/\"},\"sameAs\":[\"https:\\\/\\\/www.facebook.com\\\/LehrmittelverlagSG\\\/\",\"https:\\\/\\\/x.com\\\/Lehrmittel_SG\"]}]}<\/script>\n<!-- \/ Yoast SEO plugin. -->","yoast_head_json":{"title":"Schulen im Kanton St.Gallen - Lehrmittelverlag St. Gallen","description":"Schulen im Kanton St.Gallen - Im Kanton St.Gallen ist der Lehrmittelverlag f\u00fcr den Vertrieb der Lehrmittel verantwortlich.","robots":{"index":"index","follow":"follow","max-snippet":"max-snippet:-1","max-image-preview":"max-image-preview:large","max-video-preview":"max-video-preview:-1"},"canonical":"https:\/\/www.lehrmittelverlag.ch\/cms\/verlag\/schulen-im-kanton-st-gallen\/","og_locale":"de_DE","og_type":"article","og_title":"Schulen im Kanton St.Gallen - Lehrmittelverlag St. Gallen","og_description":"Schulen im Kanton St.Gallen - Im Kanton St.Gallen ist der Lehrmittelverlag f\u00fcr den Vertrieb der Lehrmittel verantwortlich.","og_url":"https:\/\/www.lehrmittelverlag.ch\/cms\/verlag\/schulen-im-kanton-st-gallen\/","og_site_name":"Lehrmittelverlag St. Gallen","article_publisher":"https:\/\/www.facebook.com\/LehrmittelverlagSG\/","article_modified_time":"2026-04-25T10:50:29+00:00","og_image":[{"width":1200,"height":630,"url":"https:\/\/lizenz.lehrmittelverlag.ch\/cms\/wp-content\/uploads\/2022\/11\/og-image-lmvsg.png","type":"image\/png"}],"twitter_card":"summary_large_image","twitter_site":"@Lehrmittel_SG","twitter_misc":{"Gesch\u00e4tzte Lesezeit":"3\u00a0Minuten"},"schema":{"@context":"https:\/\/schema.org","@graph":[{"@type":"WebPage","@id":"https:\/\/www.lehrmittelverlag.ch\/cms\/verlag\/schulen-im-kanton-st-gallen\/","url":"https:\/\/www.lehrmittelverlag.ch\/cms\/verlag\/schulen-im-kanton-st-gallen\/","name":"Schulen im Kanton St.Gallen - Lehrmittelverlag St. Gallen","isPartOf":{"@id":"https:\/\/www.lehrmittelverlag.ch\/cms\/#website"},"datePublished":"2022-11-14T15:20:09+00:00","dateModified":"2026-04-25T10:50:29+00:00","description":"Schulen im Kanton St.Gallen - Im Kanton St.Gallen ist der Lehrmittelverlag f\u00fcr den Vertrieb der Lehrmittel verantwortlich.","breadcrumb":{"@id":"https:\/\/www.lehrmittelverlag.ch\/cms\/verlag\/schulen-im-kanton-st-gallen\/#breadcrumb"},"inLanguage":"de-CH","potentialAction":[{"@type":"ReadAction","target":["https:\/\/www.lehrmittelverlag.ch\/cms\/verlag\/schulen-im-kanton-st-gallen\/"]}]},{"@type":"BreadcrumbList","@id":"https:\/\/www.lehrmittelverlag.ch\/cms\/verlag\/schulen-im-kanton-st-gallen\/#breadcrumb","itemListElement":[{"@type":"ListItem","position":1,"name":"Shop","item":"\/"},{"@type":"ListItem","position":2,"name":"Verlag","item":"https:\/\/www.lehrmittelverlag.ch\/cms\/verlag\/"},{"@type":"ListItem","position":3,"name":"Schulen im Kanton St.Gallen"}]},{"@type":"WebSite","@id":"https:\/\/www.lehrmittelverlag.ch\/cms\/#website","url":"https:\/\/www.lehrmittelverlag.ch\/cms\/","name":"Lehrmittelverlag St. Gallen","description":"","publisher":{"@id":"https:\/\/www.lehrmittelverlag.ch\/cms\/#organization"},"potentialAction":[{"@type":"SearchAction","target":{"@type":"EntryPoint","urlTemplate":"https:\/\/www.lehrmittelverlag.ch\/cms\/?s={search_term_string}"},"query-input":{"@type":"PropertyValueSpecification","valueRequired":true,"valueName":"search_term_string"}}],"inLanguage":"de-CH"},{"@type":"Organization","@id":"https:\/\/www.lehrmittelverlag.ch\/cms\/#organization","name":"Lehrmittelverlag St. Gallen","url":"https:\/\/www.lehrmittelverlag.ch\/cms\/","logo":{"@type":"ImageObject","inLanguage":"de-CH","@id":"https:\/\/www.lehrmittelverlag.ch\/cms\/#\/schema\/logo\/image\/","url":"https:\/\/www.lehrmittelverlag.ch\/cms\/wp-content\/uploads\/2022\/11\/logo-lmvsg.png","contentUrl":"https:\/\/www.lehrmittelverlag.ch\/cms\/wp-content\/uploads\/2022\/11\/logo-lmvsg.png","width":899,"height":349,"caption":"Lehrmittelverlag St. Gallen"},"image":{"@id":"https:\/\/www.lehrmittelverlag.ch\/cms\/#\/schema\/logo\/image\/"},"sameAs":["https:\/\/www.facebook.com\/LehrmittelverlagSG\/","https:\/\/x.com\/Lehrmittel_SG"]}]}},"_links":{"self":[{"href":"https:\/\/lizenz.lehrmittelverlag.ch\/cms\/wp-json\/wp\/v2\/pages\/69","targetHints":{"allow":["GET"]}}],"collection":[{"href":"https:\/\/lizenz.lehrmittelverlag.ch\/cms\/wp-json\/wp\/v2\/pages"}],"about":[{"href":"https:\/\/lizenz.lehrmittelverlag.ch\/cms\/wp-json\/wp\/v2\/types\/page"}],"author":[{"embeddable":true,"href":"https:\/\/lizenz.lehrmittelverlag.ch\/cms\/wp-json\/wp\/v2\/users\/1"}],"replies":[{"embeddable":true,"href":"https:\/\/lizenz.lehrmittelverlag.ch\/cms\/wp-json\/wp\/v2\/comments?post=69"}],"version-history":[{"count":10,"href":"https:\/\/lizenz.lehrmittelverlag.ch\/cms\/wp-json\/wp\/v2\/pages\/69\/revisions"}],"predecessor-version":[{"id":7385,"href":"https:\/\/lizenz.lehrmittelverlag.ch\/cms\/wp-json\/wp\/v2\/pages\/69\/revisions\/7385"}],"up":[{"embeddable":true,"href":"https:\/\/lizenz.lehrmittelverlag.ch\/cms\/wp-json\/wp\/v2\/pages\/66"}],"wp:attachment":[{"href":"https:\/\/lizenz.lehrmittelverlag.ch\/cms\/wp-json\/wp\/v2\/media?parent=69"}],"curies":[{"name":"wp","href":"https:\/\/api.w.org\/{rel}","templated":true}]}}