{"id":820,"date":"2023-01-24T10:36:46","date_gmt":"2023-01-24T09:36:46","guid":{"rendered":"https:\/\/www.lehrmittelverlag.ch\/cms\/?page_id=820"},"modified":"2024-10-13T07:09:26","modified_gmt":"2024-10-13T05:09:26","slug":"sing-mit","status":"publish","type":"page","link":"https:\/\/lizenz.lehrmittelverlag.ch\/cms\/verlag\/verlagsprogramm\/sing-mit\/","title":{"rendered":"Sing mit!"},"content":{"rendered":"","protected":false},"excerpt":{"rendered":"","protected":false},"author":3,"featured_media":3695,"parent":67,"menu_order":7,"comment_status":"closed","ping_status":"closed","template":"","meta":{"_acf_changed":false,"inline_featured_image":false,"footnotes":""},"class_list":["post-820","page","type-page","status-publish","has-post-thumbnail","hentry"],"acf":{"inhaltselemente":[{"acf_fc_layout":"two_cols","two_cols_flex_content_col_one":[{"acf_fc_layout":"text_element","text_element_":null,"text_element_text_element_titel":"Schweizer Singbuch: Eine reich illustrierte Liedsammlung f\u00fcr die Unterstufe mit rund 160 Liedern unterschiedlicher musikalischer Stilrichtungen. H\u00f6rbeispiele und ein Begleitordner mit Notens\u00e4tzen und sechs Audio-CDs mit Playback-Aufnahmen f\u00f6rdern die Lust am Singen und Musizieren.","text_element_text_element_titel_typ":"2","text_element_text_element_titel_size":"5","text_element_text_element_titel_fake":false,"text_element_text_element_content":"F\u00fcnfzig neue Lieder erg\u00e4nzen den Liederschatz des bew\u00e4hrten Singbuchs \u00abSing mit!\u00bb. Zahlreiche bestehende Lieder wurden in ihrer Aufmachung verbessert und weniger popul\u00e4re Songs weggelassen. Die Vielfalt der Lieder spiegelt unterschiedliche musikalische Stile wider und orientiert sich an der Entwicklung der Kinder. Durch stufengerechte Illustrationen werden Unterstufenkinder zus\u00e4tzlich zum Singen animiert.\r\n\r\nDie Neuauflage zeichnet sich durch benutzerfreundliche Anreicherungen aus:\r\n<ul>\r\n \t<li>S\u00e4mtliche Lieder stehen als H\u00f6rbeispiele auf <a href=\"https:\/\/soundcloud.com\/user-732536845\/sets\/sing-mit-online-horbeispiele\">Soundcloud<\/a> kostenlos zur Verf\u00fcgung.<\/li>\r\n \t<li>Der umfangreiche Begleitordner enth\u00e4lt rund f\u00fcnfzig einfache Blockfl\u00f6ten-\u00adNotens\u00e4tze und rund 40 einfache Notens\u00e4tze f\u00fcr Klavier.<\/li>\r\n<\/ul>\r\nhttps:\/\/soundcloud.com\/user-732536845\/sets\/sing-mit-online-horbeispiele","text_element_text_element_text_size":"default"}],"two_cols_flex_content_col_two":[{"acf_fc_layout":"text_element","text_element_":null,"text_element_text_element_titel":"","text_element_text_element_titel_typ":"2","text_element_text_element_titel_size":"","text_element_text_element_titel_fake":false,"text_element_text_element_content":"<strong>Autorenteam<\/strong>\r\nRolf Heeb, Hanspeter Sch\u00e4r","text_element_text_element_text_size":"text-textnoserif"}],"two_cols_bgcolor":false,"two_cols_spaltenbreite":"two-third-one-third"},{"acf_fc_layout":"two_cols","two_cols_flex_content_col_one":[{"acf_fc_layout":"akkordeon_element","akkordeon_element_items":[{"acf_fc_layout":"akkordeon_element_items_item","akkordeon_element_items_item_titel_akkordeon_element_items_item_titel":"Begleitung","akkordeon_element_items_item_content":[{"acf_fc_layout":"text_element","text_element_":null,"text_element_text_element_titel":"","text_element_text_element_titel_typ":"2","text_element_text_element_titel_size":"","text_element_text_element_titel_fake":false,"text_element_text_element_content":"Zahlreiche Lieder enthalten Begleitungen in Symbolschrift, damit Kinder ohne Notenkenntnisse Melodien mit dem Glockenspiel und Xylofon nachspielen k\u00f6nnen. Kleine, den Liedern zugeordnete Symbole verschaffen einen \u00dcberblick \u00fcber das Angebot im Begleitordner. Begleitungen f\u00fcr Melodie und Tasteninstrumente sowie f\u00fcr Stabspiele wie Glockenspiele und Xylofone wurden erweitert und in unterschiedlichen Schwierigkeitsstufen gesetzt. Alle Lieder sind chiffriert, das heisst, mit passenden Harmonien versehen.","text_element_text_element_text_size":"default"}]},{"acf_fc_layout":"akkordeon_element_items_item","akkordeon_element_items_item_titel_akkordeon_element_items_item_titel":"Playbacks","akkordeon_element_items_item_content":[{"acf_fc_layout":"text_element","text_element_":null,"text_element_text_element_titel":"","text_element_text_element_titel_typ":"2","text_element_text_element_titel_size":"","text_element_text_element_titel_fake":false,"text_element_text_element_content":"Zus\u00e4tzlich unterst\u00fctzt eine Playback-\u00adAusgabe mit s\u00e4mtlichen Liedern, bestehend aus sechs Audio\u00ad-CDs, die Lust am Singen. Alle Arrangements sind f\u00fcr Unterstufenkinder konzipiert und wurden von professionellen Musikerinnen und Musikern auf verschiedenen Instrumenten eingespielt. Die Audio-CDs sind in unserem Webshop erh\u00e4ltlich.","text_element_text_element_text_size":"default"}]}]}],"two_cols_flex_content_col_two":null,"two_cols_bgcolor":false,"two_cols_spaltenbreite":"two-third-one-third"},{"acf_fc_layout":"one_col","one_col_flex_content_col_one":[{"acf_fc_layout":"text_img_element","text_img_element_text":null,"text_img_element_text_element_titel":"Sing mit! ","text_img_element_text_element_titel_typ":"3","text_img_element_text_element_titel_size":"","text_img_element_text_element_titel_fake":false,"text_img_element_text_element_content":"<p class=\"paragraph-noserif\"><strong>Musik<\/strong>\r\n<strong>Primarstufe 1. \u2013 3. Klasse<\/strong><\/p>\r\nDas Schweizer Singbuch \u00abSing mit!\u00bb umfasst eine reich illustrierte Liedsammlung f\u00fcr die Unterstufe mit rund 160 Liedern unterschiedlicher musikalischer Stilrichtungen.\r\n\r\n<a class=\"btn-arrow\" href=\"\/shop\/?filter=lehrwerk,sing-mit\" target=\"_blank\" rel=\"noopener\">Zum Shop<\/a>","text_img_element_bild":null,"text_img_element_image_element_image_element_image_element_image":828,"text_img_element_image_element_image_element_image_element_lightbox":false,"text_img_element_events":null,"text_img_element_events_element_type_category_events_element_type_category_events_element_type_category":[],"text_img_element_events_element_topic_category_events_element_topic_category_events_element_topic_category":[],"text_img_element_events_element_amount_events_element_amount_events_element_amount":"","text_img_element_":null,"text_img_element_text_element_text_size":"default","text_img_element_text_img_element_spaltenbreite":"default","text_img_element_text_img_element_orientation":"default"}],"one_col_bgcolor":true},{"acf_fc_layout":"two_cols","two_cols_flex_content_col_one":[{"acf_fc_layout":"akkordeon_element","akkordeon_element_items":[{"acf_fc_layout":"akkordeon_element_items_item","akkordeon_element_items_item_titel_akkordeon_element_items_item_titel":"Weiterf\u00fchrende Links","akkordeon_element_items_item_content":[{"acf_fc_layout":"text_element","text_element_":null,"text_element_text_element_titel":"","text_element_text_element_titel_typ":"2","text_element_text_element_titel_size":"","text_element_text_element_titel_fake":false,"text_element_text_element_content":"S\u00e4mtliche Lieder stehen als H\u00f6rbeispiele auf Soundcloud kostenlos zur Verf\u00fcgung.\r\n\r\nhttps:\/\/soundcloud.com\/user-732536845\/sets\/sing-mit-online-horbeispiele","text_element_text_element_text_size":"default"}]},{"acf_fc_layout":"akkordeon_element_items_item","akkordeon_element_items_item_titel_akkordeon_element_items_item_titel":"Downloads","akkordeon_element_items_item_content":[{"acf_fc_layout":"text_element","text_element_":null,"text_element_text_element_titel":"","text_element_text_element_titel_typ":"2","text_element_text_element_titel_size":"","text_element_text_element_titel_fake":false,"text_element_text_element_content":"<a class=\"btn-download\" href=\"https:\/\/www.lehrmittelverlag.ch\/cms\/wp-content\/uploads\/2023\/01\/Sing-mit-_-Singbuch.pdf\" target=\"_blank\" rel=\"noopener\">Produktblatt: Sing mit! Singbuch<\/a>","text_element_text_element_text_size":"default"}]}]}],"two_cols_flex_content_col_two":null,"two_cols_bgcolor":false,"two_cols_spaltenbreite":"two-third-one-third"}]},"yoast_head":"<!-- This site is optimized with the Yoast SEO plugin v27.4 - https:\/\/yoast.com\/product\/yoast-seo-wordpress\/ -->\n<title>Sing mit! - Lehrmittelverlag St. Gallen<\/title>\n<meta name=\"description\" content=\"Sing mit! - Das Schweizer Singbuch umfasst eine reich illustrierte Liedsammlung f\u00fcr die Unterstufe mit rund 160 Liedern.\" \/>\n<meta name=\"robots\" content=\"index, follow, max-snippet:-1, max-image-preview:large, max-video-preview:-1\" \/>\n<link rel=\"canonical\" href=\"https:\/\/lizenz.lehrmittelverlag.ch\/cms\/verlag\/verlagsprogramm\/sing-mit\/\" \/>\n<meta property=\"og:locale\" content=\"de_DE\" \/>\n<meta property=\"og:type\" content=\"article\" \/>\n<meta property=\"og:title\" content=\"Sing mit! - Lehrmittelverlag St. Gallen\" \/>\n<meta property=\"og:description\" content=\"Sing mit! - Das Schweizer Singbuch umfasst eine reich illustrierte Liedsammlung f\u00fcr die Unterstufe mit rund 160 Liedern.\" \/>\n<meta property=\"og:url\" content=\"https:\/\/lizenz.lehrmittelverlag.ch\/cms\/verlag\/verlagsprogramm\/sing-mit\/\" \/>\n<meta property=\"og:site_name\" content=\"Lehrmittelverlag St. Gallen\" \/>\n<meta property=\"article:publisher\" content=\"https:\/\/www.facebook.com\/LehrmittelverlagSG\/\" \/>\n<meta property=\"article:modified_time\" content=\"2024-10-13T05:09:26+00:00\" \/>\n<meta property=\"og:image\" content=\"https:\/\/lizenz.lehrmittelverlag.ch\/cms\/wp-content\/uploads\/2024\/10\/Sing-mit.jpg\" \/>\n\t<meta property=\"og:image:width\" content=\"500\" \/>\n\t<meta property=\"og:image:height\" content=\"500\" \/>\n\t<meta property=\"og:image:type\" content=\"image\/jpeg\" \/>\n<meta name=\"twitter:card\" content=\"summary_large_image\" \/>\n<meta name=\"twitter:site\" content=\"@Lehrmittel_SG\" \/>\n<meta name=\"twitter:label1\" content=\"Gesch\u00e4tzte Lesezeit\" \/>\n\t<meta name=\"twitter:data1\" content=\"3\u00a0Minuten\" \/>\n<script type=\"application\/ld+json\" class=\"yoast-schema-graph\">{\"@context\":\"https:\\\/\\\/schema.org\",\"@graph\":[{\"@type\":\"WebPage\",\"@id\":\"https:\\\/\\\/lizenz.lehrmittelverlag.ch\\\/cms\\\/verlag\\\/verlagsprogramm\\\/sing-mit\\\/\",\"url\":\"https:\\\/\\\/lizenz.lehrmittelverlag.ch\\\/cms\\\/verlag\\\/verlagsprogramm\\\/sing-mit\\\/\",\"name\":\"Sing mit! - Lehrmittelverlag St. Gallen\",\"isPartOf\":{\"@id\":\"https:\\\/\\\/www.lehrmittelverlag.ch\\\/cms\\\/#website\"},\"primaryImageOfPage\":{\"@id\":\"https:\\\/\\\/lizenz.lehrmittelverlag.ch\\\/cms\\\/verlag\\\/verlagsprogramm\\\/sing-mit\\\/#primaryimage\"},\"image\":{\"@id\":\"https:\\\/\\\/lizenz.lehrmittelverlag.ch\\\/cms\\\/verlag\\\/verlagsprogramm\\\/sing-mit\\\/#primaryimage\"},\"thumbnailUrl\":\"https:\\\/\\\/lizenz.lehrmittelverlag.ch\\\/cms\\\/wp-content\\\/uploads\\\/2024\\\/10\\\/Sing-mit.jpg\",\"datePublished\":\"2023-01-24T09:36:46+00:00\",\"dateModified\":\"2024-10-13T05:09:26+00:00\",\"description\":\"Sing mit! - Das Schweizer Singbuch umfasst eine reich illustrierte Liedsammlung f\u00fcr die Unterstufe mit rund 160 Liedern.\",\"breadcrumb\":{\"@id\":\"https:\\\/\\\/lizenz.lehrmittelverlag.ch\\\/cms\\\/verlag\\\/verlagsprogramm\\\/sing-mit\\\/#breadcrumb\"},\"inLanguage\":\"de-CH\",\"potentialAction\":[{\"@type\":\"ReadAction\",\"target\":[\"https:\\\/\\\/lizenz.lehrmittelverlag.ch\\\/cms\\\/verlag\\\/verlagsprogramm\\\/sing-mit\\\/\"]}]},{\"@type\":\"ImageObject\",\"inLanguage\":\"de-CH\",\"@id\":\"https:\\\/\\\/lizenz.lehrmittelverlag.ch\\\/cms\\\/verlag\\\/verlagsprogramm\\\/sing-mit\\\/#primaryimage\",\"url\":\"https:\\\/\\\/lizenz.lehrmittelverlag.ch\\\/cms\\\/wp-content\\\/uploads\\\/2024\\\/10\\\/Sing-mit.jpg\",\"contentUrl\":\"https:\\\/\\\/lizenz.lehrmittelverlag.ch\\\/cms\\\/wp-content\\\/uploads\\\/2024\\\/10\\\/Sing-mit.jpg\",\"width\":500,\"height\":500,\"caption\":\"Sing mit!\"},{\"@type\":\"BreadcrumbList\",\"@id\":\"https:\\\/\\\/lizenz.lehrmittelverlag.ch\\\/cms\\\/verlag\\\/verlagsprogramm\\\/sing-mit\\\/#breadcrumb\",\"itemListElement\":[{\"@type\":\"ListItem\",\"position\":1,\"name\":\"Shop\",\"item\":\"\\\/\"},{\"@type\":\"ListItem\",\"position\":2,\"name\":\"Verlag\",\"item\":\"https:\\\/\\\/www.lehrmittelverlag.ch\\\/cms\\\/verlag\\\/\"},{\"@type\":\"ListItem\",\"position\":3,\"name\":\"Verlagsprogramm\",\"item\":\"https:\\\/\\\/lehrmittelverlag.ch\\\/cms\\\/verlag\\\/verlagsprogramm\\\/\"},{\"@type\":\"ListItem\",\"position\":4,\"name\":\"Sing mit!\"}]},{\"@type\":\"WebSite\",\"@id\":\"https:\\\/\\\/www.lehrmittelverlag.ch\\\/cms\\\/#website\",\"url\":\"https:\\\/\\\/www.lehrmittelverlag.ch\\\/cms\\\/\",\"name\":\"Lehrmittelverlag St. Gallen\",\"description\":\"\",\"publisher\":{\"@id\":\"https:\\\/\\\/www.lehrmittelverlag.ch\\\/cms\\\/#organization\"},\"potentialAction\":[{\"@type\":\"SearchAction\",\"target\":{\"@type\":\"EntryPoint\",\"urlTemplate\":\"https:\\\/\\\/www.lehrmittelverlag.ch\\\/cms\\\/?s={search_term_string}\"},\"query-input\":{\"@type\":\"PropertyValueSpecification\",\"valueRequired\":true,\"valueName\":\"search_term_string\"}}],\"inLanguage\":\"de-CH\"},{\"@type\":\"Organization\",\"@id\":\"https:\\\/\\\/www.lehrmittelverlag.ch\\\/cms\\\/#organization\",\"name\":\"Lehrmittelverlag St. Gallen\",\"url\":\"https:\\\/\\\/www.lehrmittelverlag.ch\\\/cms\\\/\",\"logo\":{\"@type\":\"ImageObject\",\"inLanguage\":\"de-CH\",\"@id\":\"https:\\\/\\\/www.lehrmittelverlag.ch\\\/cms\\\/#\\\/schema\\\/logo\\\/image\\\/\",\"url\":\"https:\\\/\\\/www.lehrmittelverlag.ch\\\/cms\\\/wp-content\\\/uploads\\\/2022\\\/11\\\/logo-lmvsg.png\",\"contentUrl\":\"https:\\\/\\\/www.lehrmittelverlag.ch\\\/cms\\\/wp-content\\\/uploads\\\/2022\\\/11\\\/logo-lmvsg.png\",\"width\":899,\"height\":349,\"caption\":\"Lehrmittelverlag St. Gallen\"},\"image\":{\"@id\":\"https:\\\/\\\/www.lehrmittelverlag.ch\\\/cms\\\/#\\\/schema\\\/logo\\\/image\\\/\"},\"sameAs\":[\"https:\\\/\\\/www.facebook.com\\\/LehrmittelverlagSG\\\/\",\"https:\\\/\\\/x.com\\\/Lehrmittel_SG\"]}]}<\/script>\n<!-- \/ Yoast SEO plugin. -->","yoast_head_json":{"title":"Sing mit! - Lehrmittelverlag St. Gallen","description":"Sing mit! - Das Schweizer Singbuch umfasst eine reich illustrierte Liedsammlung f\u00fcr die Unterstufe mit rund 160 Liedern.","robots":{"index":"index","follow":"follow","max-snippet":"max-snippet:-1","max-image-preview":"max-image-preview:large","max-video-preview":"max-video-preview:-1"},"canonical":"https:\/\/lizenz.lehrmittelverlag.ch\/cms\/verlag\/verlagsprogramm\/sing-mit\/","og_locale":"de_DE","og_type":"article","og_title":"Sing mit! - Lehrmittelverlag St. Gallen","og_description":"Sing mit! - Das Schweizer Singbuch umfasst eine reich illustrierte Liedsammlung f\u00fcr die Unterstufe mit rund 160 Liedern.","og_url":"https:\/\/lizenz.lehrmittelverlag.ch\/cms\/verlag\/verlagsprogramm\/sing-mit\/","og_site_name":"Lehrmittelverlag St. Gallen","article_publisher":"https:\/\/www.facebook.com\/LehrmittelverlagSG\/","article_modified_time":"2024-10-13T05:09:26+00:00","og_image":[{"width":500,"height":500,"url":"https:\/\/lizenz.lehrmittelverlag.ch\/cms\/wp-content\/uploads\/2024\/10\/Sing-mit.jpg","type":"image\/jpeg"}],"twitter_card":"summary_large_image","twitter_site":"@Lehrmittel_SG","twitter_misc":{"Gesch\u00e4tzte Lesezeit":"3\u00a0Minuten"},"schema":{"@context":"https:\/\/schema.org","@graph":[{"@type":"WebPage","@id":"https:\/\/lizenz.lehrmittelverlag.ch\/cms\/verlag\/verlagsprogramm\/sing-mit\/","url":"https:\/\/lizenz.lehrmittelverlag.ch\/cms\/verlag\/verlagsprogramm\/sing-mit\/","name":"Sing mit! - Lehrmittelverlag St. Gallen","isPartOf":{"@id":"https:\/\/www.lehrmittelverlag.ch\/cms\/#website"},"primaryImageOfPage":{"@id":"https:\/\/lizenz.lehrmittelverlag.ch\/cms\/verlag\/verlagsprogramm\/sing-mit\/#primaryimage"},"image":{"@id":"https:\/\/lizenz.lehrmittelverlag.ch\/cms\/verlag\/verlagsprogramm\/sing-mit\/#primaryimage"},"thumbnailUrl":"https:\/\/lizenz.lehrmittelverlag.ch\/cms\/wp-content\/uploads\/2024\/10\/Sing-mit.jpg","datePublished":"2023-01-24T09:36:46+00:00","dateModified":"2024-10-13T05:09:26+00:00","description":"Sing mit! - Das Schweizer Singbuch umfasst eine reich illustrierte Liedsammlung f\u00fcr die Unterstufe mit rund 160 Liedern.","breadcrumb":{"@id":"https:\/\/lizenz.lehrmittelverlag.ch\/cms\/verlag\/verlagsprogramm\/sing-mit\/#breadcrumb"},"inLanguage":"de-CH","potentialAction":[{"@type":"ReadAction","target":["https:\/\/lizenz.lehrmittelverlag.ch\/cms\/verlag\/verlagsprogramm\/sing-mit\/"]}]},{"@type":"ImageObject","inLanguage":"de-CH","@id":"https:\/\/lizenz.lehrmittelverlag.ch\/cms\/verlag\/verlagsprogramm\/sing-mit\/#primaryimage","url":"https:\/\/lizenz.lehrmittelverlag.ch\/cms\/wp-content\/uploads\/2024\/10\/Sing-mit.jpg","contentUrl":"https:\/\/lizenz.lehrmittelverlag.ch\/cms\/wp-content\/uploads\/2024\/10\/Sing-mit.jpg","width":500,"height":500,"caption":"Sing mit!"},{"@type":"BreadcrumbList","@id":"https:\/\/lizenz.lehrmittelverlag.ch\/cms\/verlag\/verlagsprogramm\/sing-mit\/#breadcrumb","itemListElement":[{"@type":"ListItem","position":1,"name":"Shop","item":"\/"},{"@type":"ListItem","position":2,"name":"Verlag","item":"https:\/\/www.lehrmittelverlag.ch\/cms\/verlag\/"},{"@type":"ListItem","position":3,"name":"Verlagsprogramm","item":"https:\/\/lehrmittelverlag.ch\/cms\/verlag\/verlagsprogramm\/"},{"@type":"ListItem","position":4,"name":"Sing mit!"}]},{"@type":"WebSite","@id":"https:\/\/www.lehrmittelverlag.ch\/cms\/#website","url":"https:\/\/www.lehrmittelverlag.ch\/cms\/","name":"Lehrmittelverlag St. Gallen","description":"","publisher":{"@id":"https:\/\/www.lehrmittelverlag.ch\/cms\/#organization"},"potentialAction":[{"@type":"SearchAction","target":{"@type":"EntryPoint","urlTemplate":"https:\/\/www.lehrmittelverlag.ch\/cms\/?s={search_term_string}"},"query-input":{"@type":"PropertyValueSpecification","valueRequired":true,"valueName":"search_term_string"}}],"inLanguage":"de-CH"},{"@type":"Organization","@id":"https:\/\/www.lehrmittelverlag.ch\/cms\/#organization","name":"Lehrmittelverlag St. Gallen","url":"https:\/\/www.lehrmittelverlag.ch\/cms\/","logo":{"@type":"ImageObject","inLanguage":"de-CH","@id":"https:\/\/www.lehrmittelverlag.ch\/cms\/#\/schema\/logo\/image\/","url":"https:\/\/www.lehrmittelverlag.ch\/cms\/wp-content\/uploads\/2022\/11\/logo-lmvsg.png","contentUrl":"https:\/\/www.lehrmittelverlag.ch\/cms\/wp-content\/uploads\/2022\/11\/logo-lmvsg.png","width":899,"height":349,"caption":"Lehrmittelverlag St. Gallen"},"image":{"@id":"https:\/\/www.lehrmittelverlag.ch\/cms\/#\/schema\/logo\/image\/"},"sameAs":["https:\/\/www.facebook.com\/LehrmittelverlagSG\/","https:\/\/x.com\/Lehrmittel_SG"]}]}},"_links":{"self":[{"href":"https:\/\/lizenz.lehrmittelverlag.ch\/cms\/wp-json\/wp\/v2\/pages\/820","targetHints":{"allow":["GET"]}}],"collection":[{"href":"https:\/\/lizenz.lehrmittelverlag.ch\/cms\/wp-json\/wp\/v2\/pages"}],"about":[{"href":"https:\/\/lizenz.lehrmittelverlag.ch\/cms\/wp-json\/wp\/v2\/types\/page"}],"author":[{"embeddable":true,"href":"https:\/\/lizenz.lehrmittelverlag.ch\/cms\/wp-json\/wp\/v2\/users\/3"}],"replies":[{"embeddable":true,"href":"https:\/\/lizenz.lehrmittelverlag.ch\/cms\/wp-json\/wp\/v2\/comments?post=820"}],"version-history":[{"count":16,"href":"https:\/\/lizenz.lehrmittelverlag.ch\/cms\/wp-json\/wp\/v2\/pages\/820\/revisions"}],"predecessor-version":[{"id":1862,"href":"https:\/\/lizenz.lehrmittelverlag.ch\/cms\/wp-json\/wp\/v2\/pages\/820\/revisions\/1862"}],"up":[{"embeddable":true,"href":"https:\/\/lizenz.lehrmittelverlag.ch\/cms\/wp-json\/wp\/v2\/pages\/67"}],"wp:featuredmedia":[{"embeddable":true,"href":"https:\/\/lizenz.lehrmittelverlag.ch\/cms\/wp-json\/wp\/v2\/media\/3695"}],"wp:attachment":[{"href":"https:\/\/lizenz.lehrmittelverlag.ch\/cms\/wp-json\/wp\/v2\/media?parent=820"}],"curies":[{"name":"wp","href":"https:\/\/api.w.org\/{rel}","templated":true}]}}