{"id":846,"date":"2023-01-24T11:16:58","date_gmt":"2023-01-24T10:16:58","guid":{"rendered":"https:\/\/www.lehrmittelverlag.ch\/cms\/?page_id=846"},"modified":"2025-11-11T13:08:15","modified_gmt":"2025-11-11T12:08:15","slug":"ostwind-entdeckungsreise","status":"publish","type":"page","link":"https:\/\/lizenz.lehrmittelverlag.ch\/cms\/verlag\/verlagsprogramm\/ostwind-entdeckungsreise\/","title":{"rendered":"OSTWIND-Entdeckungsreise"},"content":{"rendered":"","protected":false},"excerpt":{"rendered":"","protected":false},"author":3,"featured_media":3693,"parent":67,"menu_order":4,"comment_status":"closed","ping_status":"closed","template":"","meta":{"_acf_changed":false,"inline_featured_image":false,"footnotes":""},"class_list":["post-846","page","type-page","status-publish","has-post-thumbnail","hentry"],"acf":{"inhaltselemente":[{"acf_fc_layout":"two_cols","two_cols_flex_content_col_one":[{"acf_fc_layout":"text_element","text_element_":null,"text_element_text_element_titel":"Das Fahren mit den \u00f6ffentlichen Verkehrsmitteln will gelernt sein!","text_element_text_element_titel_typ":"2","text_element_text_element_titel_size":"5","text_element_text_element_titel_fake":false,"text_element_text_element_content":"Die \u00abOSTWIND-Entdeckungsreise\u00bb ist ein Lehrmittel, das Theorie und Praxis auf abwechslungsreiche Weise vermittelt. Sch\u00fclerinnen und Sch\u00fcler der Mittelstufe lernen, sich selbstst\u00e4ndig mit Zug und Bus zu bewegen. Die Tickets f\u00fcr die Reise stellt der Tarifverbund OSTWIND kostenlos zur Verf\u00fcgung.\r\n\r\nDie \u00abOSTWIND-Entdeckungsreise\u00bb enth\u00e4lt 25 Sch\u00fclerhefte mit Reisepl\u00e4nen. Das Sch\u00fclerheft ist modular aufgebaut und enth\u00e4lt Aufgaben und Auftr\u00e4ge. Erg\u00e4nzt wird der theoretische Teil durch ein Poster der \u00abOrte zum Entdecken\u00bb, 25 OSTWIND Zonenpl\u00e4ne und die Brosch\u00fcre \u00abEin Billett f\u00fcr alle(s)\u00bb, welche die Preis- und Sortimentsinformationen zur L\u00f6sung der Auftr\u00e4ge enth\u00e4lt. F\u00fcr den praktischen Teil stehen 32 (16 x 2) Auftragskarten bereit.\r\n\r\nEin Lehrerkommentar, weitere Unterrichtsmaterialien und Hinweise sind kostenlos unter <a href=\"https:\/\/entdeckungsreise.ostwind.ch\/\" target=\"_blank\" rel=\"noopener\">entdeckungsreise.ostwind.ch<\/a> erh\u00e4ltlich.","text_element_text_element_text_size":"default"}],"two_cols_flex_content_col_two":[{"acf_fc_layout":"text_element","text_element_":null,"text_element_text_element_titel":"","text_element_text_element_titel_typ":"2","text_element_text_element_titel_size":"","text_element_text_element_titel_fake":false,"text_element_text_element_content":"<strong>Autorenteam<\/strong>\r\n\r\n<a class=\"btn-arrow--up\" href=\"https:\/\/entdeckungsreise.ostwind.ch\/\" target=\"_blank\" rel=\"noopener\">entdeckungsreise.ostwind.ch<\/a>","text_element_text_element_text_size":"text-textnoserif"}],"two_cols_bgcolor":false,"two_cols_spaltenbreite":"two-third-one-third"},{"acf_fc_layout":"one_col","one_col_flex_content_col_one":[{"acf_fc_layout":"text_img_element","text_img_element_text":null,"text_img_element_text_element_titel":"OSTWIND-Entdeckungsreise","text_img_element_text_element_titel_typ":"3","text_img_element_text_element_titel_size":"","text_img_element_text_element_titel_fake":false,"text_img_element_text_element_content":"<p class=\"paragraph-noserif\"><strong>Bewegung und Sport<\/strong>\r\n<strong>Natur, Mensch, Gesellschaft<\/strong>\r\n<strong>Primarstufe 4. \u2013 6. Klasse<\/strong><\/p>\r\nDie \u00abOSTWIND-Entdeckungsreise\u00bb enth\u00e4lt 25 Sch\u00fclerhefte mit Reisepl\u00e4nen. Das Sch\u00fclerheft ist modular aufgebaut und enth\u00e4lt Aufgaben und Auftr\u00e4ge.\r\n\r\n<a class=\"btn-arrow\" href=\"\/ostwind-entdeckungsreise-klassensatz\/1446000\" target=\"_blank\" rel=\"noopener\">Zum Shop<\/a>","text_img_element_bild":null,"text_img_element_image_element_image_element_image_element_image":5714,"text_img_element_image_element_image_element_image_element_lightbox":false,"text_img_element_events":null,"text_img_element_events_element_type_category_events_element_type_category_events_element_type_category":[],"text_img_element_events_element_topic_category_events_element_topic_category_events_element_topic_category":[],"text_img_element_events_element_amount_events_element_amount_events_element_amount":"","text_img_element_":null,"text_img_element_text_element_text_size":"default","text_img_element_text_img_element_spaltenbreite":"default","text_img_element_text_img_element_orientation":"default"}],"one_col_bgcolor":true},{"acf_fc_layout":"two_cols","two_cols_flex_content_col_one":[{"acf_fc_layout":"akkordeon_element","akkordeon_element_items":[{"acf_fc_layout":"akkordeon_element_items_item","akkordeon_element_items_item_titel_akkordeon_element_items_item_titel":"Weiterf\u00fchrende Links","akkordeon_element_items_item_content":[{"acf_fc_layout":"text_img_element","text_element_text_element_titel":"","text_element_text_element_titel_typ":"2","text_element_text_element_titel_size":"","text_element_text_element_titel_fake":false,"text_element_text_element_content":"Ein Lehrerkommentar, weitere Unterrichtsmaterialien und Hinweise sind kostenlos online erh\u00e4ltlich.\r\n\r\n<a class=\"btn-arrow--up\" href=\"https:\/\/entdeckungsreise.ostwind.ch\/\" target=\"_blank\" rel=\"noopener\">entdeckungsreise.ostwind.ch<\/a>","image_element_image_element_image":849,"image_element_image_element_lightbox":false,"text_element_text_size":"default","text_img_element_spaltenbreite":"default","text_img_element_orientation":"mirrored"}]}]}],"two_cols_flex_content_col_two":null,"two_cols_bgcolor":false,"two_cols_spaltenbreite":"two-third-one-third"}]},"yoast_head":"<!-- This site is optimized with the Yoast SEO plugin v27.3 - https:\/\/yoast.com\/product\/yoast-seo-wordpress\/ -->\n<title>OSTWIND-Entdeckungsreise - Lehrmittelverlag St. Gallen<\/title>\n<meta name=\"description\" content=\"Mit der OSTWIND-Entdeckungsreise lernen Sch\u00fclerinnen und Sch\u00fcler der Mittelstufe, sich mit Zug und Bus selbstst\u00e4ndig zu bewegen.\" \/>\n<meta name=\"robots\" content=\"index, follow, max-snippet:-1, max-image-preview:large, max-video-preview:-1\" \/>\n<link rel=\"canonical\" href=\"https:\/\/lehrmittelverlag.ch\/cms\/verlag\/verlagsprogramm\/ostwind-entdeckungsreise\/\" \/>\n<meta property=\"og:locale\" content=\"de_DE\" \/>\n<meta property=\"og:type\" content=\"article\" \/>\n<meta property=\"og:title\" content=\"OSTWIND-Entdeckungsreise - Lehrmittelverlag St. Gallen\" \/>\n<meta property=\"og:description\" content=\"Mit der OSTWIND-Entdeckungsreise lernen Sch\u00fclerinnen und Sch\u00fcler der Mittelstufe, sich mit Zug und Bus selbstst\u00e4ndig zu bewegen.\" \/>\n<meta property=\"og:url\" content=\"https:\/\/lehrmittelverlag.ch\/cms\/verlag\/verlagsprogramm\/ostwind-entdeckungsreise\/\" \/>\n<meta property=\"og:site_name\" content=\"Lehrmittelverlag St. Gallen\" \/>\n<meta property=\"article:publisher\" content=\"https:\/\/www.facebook.com\/LehrmittelverlagSG\/\" \/>\n<meta property=\"article:modified_time\" content=\"2025-11-11T12:08:15+00:00\" \/>\n<meta property=\"og:image\" content=\"https:\/\/lehrmittelverlag.ch\/cms\/wp-content\/uploads\/2024\/10\/OSTWIND-Entedeckungsreise.jpg\" \/>\n\t<meta property=\"og:image:width\" content=\"500\" \/>\n\t<meta property=\"og:image:height\" content=\"500\" \/>\n\t<meta property=\"og:image:type\" content=\"image\/jpeg\" \/>\n<meta name=\"twitter:card\" content=\"summary_large_image\" \/>\n<meta name=\"twitter:site\" content=\"@Lehrmittel_SG\" \/>\n<meta name=\"twitter:label1\" content=\"Gesch\u00e4tzte Lesezeit\" \/>\n\t<meta name=\"twitter:data1\" content=\"2\u00a0Minuten\" \/>\n<script type=\"application\/ld+json\" class=\"yoast-schema-graph\">{\"@context\":\"https:\\\/\\\/schema.org\",\"@graph\":[{\"@type\":\"WebPage\",\"@id\":\"https:\\\/\\\/lehrmittelverlag.ch\\\/cms\\\/verlag\\\/verlagsprogramm\\\/ostwind-entdeckungsreise\\\/\",\"url\":\"https:\\\/\\\/lehrmittelverlag.ch\\\/cms\\\/verlag\\\/verlagsprogramm\\\/ostwind-entdeckungsreise\\\/\",\"name\":\"OSTWIND-Entdeckungsreise - Lehrmittelverlag St. Gallen\",\"isPartOf\":{\"@id\":\"https:\\\/\\\/www.lehrmittelverlag.ch\\\/cms\\\/#website\"},\"primaryImageOfPage\":{\"@id\":\"https:\\\/\\\/lehrmittelverlag.ch\\\/cms\\\/verlag\\\/verlagsprogramm\\\/ostwind-entdeckungsreise\\\/#primaryimage\"},\"image\":{\"@id\":\"https:\\\/\\\/lehrmittelverlag.ch\\\/cms\\\/verlag\\\/verlagsprogramm\\\/ostwind-entdeckungsreise\\\/#primaryimage\"},\"thumbnailUrl\":\"https:\\\/\\\/lizenz.lehrmittelverlag.ch\\\/cms\\\/wp-content\\\/uploads\\\/2024\\\/10\\\/OSTWIND-Entedeckungsreise.jpg\",\"datePublished\":\"2023-01-24T10:16:58+00:00\",\"dateModified\":\"2025-11-11T12:08:15+00:00\",\"description\":\"Mit der OSTWIND-Entdeckungsreise lernen Sch\u00fclerinnen und Sch\u00fcler der Mittelstufe, sich mit Zug und Bus selbstst\u00e4ndig zu bewegen.\",\"breadcrumb\":{\"@id\":\"https:\\\/\\\/lehrmittelverlag.ch\\\/cms\\\/verlag\\\/verlagsprogramm\\\/ostwind-entdeckungsreise\\\/#breadcrumb\"},\"inLanguage\":\"de-CH\",\"potentialAction\":[{\"@type\":\"ReadAction\",\"target\":[\"https:\\\/\\\/lehrmittelverlag.ch\\\/cms\\\/verlag\\\/verlagsprogramm\\\/ostwind-entdeckungsreise\\\/\"]}]},{\"@type\":\"ImageObject\",\"inLanguage\":\"de-CH\",\"@id\":\"https:\\\/\\\/lehrmittelverlag.ch\\\/cms\\\/verlag\\\/verlagsprogramm\\\/ostwind-entdeckungsreise\\\/#primaryimage\",\"url\":\"https:\\\/\\\/lizenz.lehrmittelverlag.ch\\\/cms\\\/wp-content\\\/uploads\\\/2024\\\/10\\\/OSTWIND-Entedeckungsreise.jpg\",\"contentUrl\":\"https:\\\/\\\/lizenz.lehrmittelverlag.ch\\\/cms\\\/wp-content\\\/uploads\\\/2024\\\/10\\\/OSTWIND-Entedeckungsreise.jpg\",\"width\":500,\"height\":500,\"caption\":\"OSTWIND-Entdeckungsreise\"},{\"@type\":\"BreadcrumbList\",\"@id\":\"https:\\\/\\\/lehrmittelverlag.ch\\\/cms\\\/verlag\\\/verlagsprogramm\\\/ostwind-entdeckungsreise\\\/#breadcrumb\",\"itemListElement\":[{\"@type\":\"ListItem\",\"position\":1,\"name\":\"Shop\",\"item\":\"\\\/\"},{\"@type\":\"ListItem\",\"position\":2,\"name\":\"Verlag\",\"item\":\"https:\\\/\\\/www.lehrmittelverlag.ch\\\/cms\\\/verlag\\\/\"},{\"@type\":\"ListItem\",\"position\":3,\"name\":\"Verlagsprogramm\",\"item\":\"https:\\\/\\\/www.lehrmittelverlag.ch\\\/cms\\\/verlag\\\/verlagsprogramm\\\/\"},{\"@type\":\"ListItem\",\"position\":4,\"name\":\"OSTWIND-Entdeckungsreise\"}]},{\"@type\":\"WebSite\",\"@id\":\"https:\\\/\\\/www.lehrmittelverlag.ch\\\/cms\\\/#website\",\"url\":\"https:\\\/\\\/www.lehrmittelverlag.ch\\\/cms\\\/\",\"name\":\"Lehrmittelverlag St. Gallen\",\"description\":\"\",\"publisher\":{\"@id\":\"https:\\\/\\\/www.lehrmittelverlag.ch\\\/cms\\\/#organization\"},\"potentialAction\":[{\"@type\":\"SearchAction\",\"target\":{\"@type\":\"EntryPoint\",\"urlTemplate\":\"https:\\\/\\\/www.lehrmittelverlag.ch\\\/cms\\\/?s={search_term_string}\"},\"query-input\":{\"@type\":\"PropertyValueSpecification\",\"valueRequired\":true,\"valueName\":\"search_term_string\"}}],\"inLanguage\":\"de-CH\"},{\"@type\":\"Organization\",\"@id\":\"https:\\\/\\\/www.lehrmittelverlag.ch\\\/cms\\\/#organization\",\"name\":\"Lehrmittelverlag St. Gallen\",\"url\":\"https:\\\/\\\/www.lehrmittelverlag.ch\\\/cms\\\/\",\"logo\":{\"@type\":\"ImageObject\",\"inLanguage\":\"de-CH\",\"@id\":\"https:\\\/\\\/www.lehrmittelverlag.ch\\\/cms\\\/#\\\/schema\\\/logo\\\/image\\\/\",\"url\":\"https:\\\/\\\/www.lehrmittelverlag.ch\\\/cms\\\/wp-content\\\/uploads\\\/2022\\\/11\\\/logo-lmvsg.png\",\"contentUrl\":\"https:\\\/\\\/www.lehrmittelverlag.ch\\\/cms\\\/wp-content\\\/uploads\\\/2022\\\/11\\\/logo-lmvsg.png\",\"width\":899,\"height\":349,\"caption\":\"Lehrmittelverlag St. Gallen\"},\"image\":{\"@id\":\"https:\\\/\\\/www.lehrmittelverlag.ch\\\/cms\\\/#\\\/schema\\\/logo\\\/image\\\/\"},\"sameAs\":[\"https:\\\/\\\/www.facebook.com\\\/LehrmittelverlagSG\\\/\",\"https:\\\/\\\/x.com\\\/Lehrmittel_SG\"]}]}<\/script>\n<!-- \/ Yoast SEO plugin. -->","yoast_head_json":{"title":"OSTWIND-Entdeckungsreise - Lehrmittelverlag St. Gallen","description":"Mit der OSTWIND-Entdeckungsreise lernen Sch\u00fclerinnen und Sch\u00fcler der Mittelstufe, sich mit Zug und Bus selbstst\u00e4ndig zu bewegen.","robots":{"index":"index","follow":"follow","max-snippet":"max-snippet:-1","max-image-preview":"max-image-preview:large","max-video-preview":"max-video-preview:-1"},"canonical":"https:\/\/lehrmittelverlag.ch\/cms\/verlag\/verlagsprogramm\/ostwind-entdeckungsreise\/","og_locale":"de_DE","og_type":"article","og_title":"OSTWIND-Entdeckungsreise - Lehrmittelverlag St. Gallen","og_description":"Mit der OSTWIND-Entdeckungsreise lernen Sch\u00fclerinnen und Sch\u00fcler der Mittelstufe, sich mit Zug und Bus selbstst\u00e4ndig zu bewegen.","og_url":"https:\/\/lehrmittelverlag.ch\/cms\/verlag\/verlagsprogramm\/ostwind-entdeckungsreise\/","og_site_name":"Lehrmittelverlag St. Gallen","article_publisher":"https:\/\/www.facebook.com\/LehrmittelverlagSG\/","article_modified_time":"2025-11-11T12:08:15+00:00","og_image":[{"width":500,"height":500,"url":"https:\/\/lehrmittelverlag.ch\/cms\/wp-content\/uploads\/2024\/10\/OSTWIND-Entedeckungsreise.jpg","type":"image\/jpeg"}],"twitter_card":"summary_large_image","twitter_site":"@Lehrmittel_SG","twitter_misc":{"Gesch\u00e4tzte Lesezeit":"2\u00a0Minuten"},"schema":{"@context":"https:\/\/schema.org","@graph":[{"@type":"WebPage","@id":"https:\/\/lehrmittelverlag.ch\/cms\/verlag\/verlagsprogramm\/ostwind-entdeckungsreise\/","url":"https:\/\/lehrmittelverlag.ch\/cms\/verlag\/verlagsprogramm\/ostwind-entdeckungsreise\/","name":"OSTWIND-Entdeckungsreise - Lehrmittelverlag St. Gallen","isPartOf":{"@id":"https:\/\/www.lehrmittelverlag.ch\/cms\/#website"},"primaryImageOfPage":{"@id":"https:\/\/lehrmittelverlag.ch\/cms\/verlag\/verlagsprogramm\/ostwind-entdeckungsreise\/#primaryimage"},"image":{"@id":"https:\/\/lehrmittelverlag.ch\/cms\/verlag\/verlagsprogramm\/ostwind-entdeckungsreise\/#primaryimage"},"thumbnailUrl":"https:\/\/lizenz.lehrmittelverlag.ch\/cms\/wp-content\/uploads\/2024\/10\/OSTWIND-Entedeckungsreise.jpg","datePublished":"2023-01-24T10:16:58+00:00","dateModified":"2025-11-11T12:08:15+00:00","description":"Mit der OSTWIND-Entdeckungsreise lernen Sch\u00fclerinnen und Sch\u00fcler der Mittelstufe, sich mit Zug und Bus selbstst\u00e4ndig zu bewegen.","breadcrumb":{"@id":"https:\/\/lehrmittelverlag.ch\/cms\/verlag\/verlagsprogramm\/ostwind-entdeckungsreise\/#breadcrumb"},"inLanguage":"de-CH","potentialAction":[{"@type":"ReadAction","target":["https:\/\/lehrmittelverlag.ch\/cms\/verlag\/verlagsprogramm\/ostwind-entdeckungsreise\/"]}]},{"@type":"ImageObject","inLanguage":"de-CH","@id":"https:\/\/lehrmittelverlag.ch\/cms\/verlag\/verlagsprogramm\/ostwind-entdeckungsreise\/#primaryimage","url":"https:\/\/lizenz.lehrmittelverlag.ch\/cms\/wp-content\/uploads\/2024\/10\/OSTWIND-Entedeckungsreise.jpg","contentUrl":"https:\/\/lizenz.lehrmittelverlag.ch\/cms\/wp-content\/uploads\/2024\/10\/OSTWIND-Entedeckungsreise.jpg","width":500,"height":500,"caption":"OSTWIND-Entdeckungsreise"},{"@type":"BreadcrumbList","@id":"https:\/\/lehrmittelverlag.ch\/cms\/verlag\/verlagsprogramm\/ostwind-entdeckungsreise\/#breadcrumb","itemListElement":[{"@type":"ListItem","position":1,"name":"Shop","item":"\/"},{"@type":"ListItem","position":2,"name":"Verlag","item":"https:\/\/www.lehrmittelverlag.ch\/cms\/verlag\/"},{"@type":"ListItem","position":3,"name":"Verlagsprogramm","item":"https:\/\/www.lehrmittelverlag.ch\/cms\/verlag\/verlagsprogramm\/"},{"@type":"ListItem","position":4,"name":"OSTWIND-Entdeckungsreise"}]},{"@type":"WebSite","@id":"https:\/\/www.lehrmittelverlag.ch\/cms\/#website","url":"https:\/\/www.lehrmittelverlag.ch\/cms\/","name":"Lehrmittelverlag St. Gallen","description":"","publisher":{"@id":"https:\/\/www.lehrmittelverlag.ch\/cms\/#organization"},"potentialAction":[{"@type":"SearchAction","target":{"@type":"EntryPoint","urlTemplate":"https:\/\/www.lehrmittelverlag.ch\/cms\/?s={search_term_string}"},"query-input":{"@type":"PropertyValueSpecification","valueRequired":true,"valueName":"search_term_string"}}],"inLanguage":"de-CH"},{"@type":"Organization","@id":"https:\/\/www.lehrmittelverlag.ch\/cms\/#organization","name":"Lehrmittelverlag St. Gallen","url":"https:\/\/www.lehrmittelverlag.ch\/cms\/","logo":{"@type":"ImageObject","inLanguage":"de-CH","@id":"https:\/\/www.lehrmittelverlag.ch\/cms\/#\/schema\/logo\/image\/","url":"https:\/\/www.lehrmittelverlag.ch\/cms\/wp-content\/uploads\/2022\/11\/logo-lmvsg.png","contentUrl":"https:\/\/www.lehrmittelverlag.ch\/cms\/wp-content\/uploads\/2022\/11\/logo-lmvsg.png","width":899,"height":349,"caption":"Lehrmittelverlag St. Gallen"},"image":{"@id":"https:\/\/www.lehrmittelverlag.ch\/cms\/#\/schema\/logo\/image\/"},"sameAs":["https:\/\/www.facebook.com\/LehrmittelverlagSG\/","https:\/\/x.com\/Lehrmittel_SG"]}]}},"_links":{"self":[{"href":"https:\/\/lizenz.lehrmittelverlag.ch\/cms\/wp-json\/wp\/v2\/pages\/846","targetHints":{"allow":["GET"]}}],"collection":[{"href":"https:\/\/lizenz.lehrmittelverlag.ch\/cms\/wp-json\/wp\/v2\/pages"}],"about":[{"href":"https:\/\/lizenz.lehrmittelverlag.ch\/cms\/wp-json\/wp\/v2\/types\/page"}],"author":[{"embeddable":true,"href":"https:\/\/lizenz.lehrmittelverlag.ch\/cms\/wp-json\/wp\/v2\/users\/3"}],"replies":[{"embeddable":true,"href":"https:\/\/lizenz.lehrmittelverlag.ch\/cms\/wp-json\/wp\/v2\/comments?post=846"}],"version-history":[{"count":10,"href":"https:\/\/lizenz.lehrmittelverlag.ch\/cms\/wp-json\/wp\/v2\/pages\/846\/revisions"}],"predecessor-version":[{"id":6620,"href":"https:\/\/lizenz.lehrmittelverlag.ch\/cms\/wp-json\/wp\/v2\/pages\/846\/revisions\/6620"}],"up":[{"embeddable":true,"href":"https:\/\/lizenz.lehrmittelverlag.ch\/cms\/wp-json\/wp\/v2\/pages\/67"}],"wp:featuredmedia":[{"embeddable":true,"href":"https:\/\/lizenz.lehrmittelverlag.ch\/cms\/wp-json\/wp\/v2\/media\/3693"}],"wp:attachment":[{"href":"https:\/\/lizenz.lehrmittelverlag.ch\/cms\/wp-json\/wp\/v2\/media?parent=846"}],"curies":[{"name":"wp","href":"https:\/\/api.w.org\/{rel}","templated":true}]}}